{"id":311,"date":"2016-03-07T11:00:18","date_gmt":"2016-03-07T11:00:18","guid":{"rendered":"https:\/\/8degreethemes.com\/demo\/eightlaw-lite\/?page_id=311"},"modified":"2021-02-07T18:29:21","modified_gmt":"2021-02-07T17:29:21","slug":"team-member-grid-view","status":"publish","type":"page","link":"https:\/\/mediator-ke.sk\/?page_id=311","title":{"rendered":"Cenn\u00edk"},"content":{"rendered":"<h2><span style=\"color: #003300;\"><strong>Prv\u00e9 stretnutie je bezplatn\u00e9 &#8211; pos\u00fadenie pr\u00edpadu.<\/strong><\/span><\/h2>\n<h3><span style=\"color: #000000;\"><strong>Kone\u010dn\u00e1 cena bude stanoven\u00e1 na z\u00e1klade dohody.<\/strong><\/span><\/h3>\n<h2><span style=\"color: #cd1ce8;\"><strong>Medi\u00e1cia v oblasti ur\u010denia rodi\u010dovsk\u00fdch pr\u00e1v je u n\u00e1s bezplatn\u00e1.<\/strong><\/span><\/h2>\n<h3><span style=\"color: #000000;\"><strong>Kone\u010dn\u00e1 cena je z\u00e1visl\u00e1 od predmetu medi\u00e1cie, sp\u00f4sobu medi\u00e1cie a pr\u00e1vnej subjektivity \u00fa\u010dastn\u00edkov.<\/strong><\/span><\/h3>\n<h3><span style=\"color: #000000;\"><strong>Nerie\u0161ime medi\u00e1ciu v spotrebite\u013esk\u00fdch sporoch.<\/strong><\/span><\/h3>\n<p>&nbsp;<\/p>\n<p>&nbsp;<\/p>\n<ul>\n<li><span style=\"color: #000000;\">Nie sme platcami DPH ( cena je kone\u010dn\u00e1, ne\u00fa\u010dtuje sa k nej DPH )<\/span><\/li>\n<li><span style=\"color: #000000;\">Hodinov\u00e1 sadzba je za ka\u017ed\u00fa aj za\u010dat\u00fa hodinu.<\/span><\/li>\n<li><span style=\"color: #000000;\">Okrem odmeny m\u00e1 medi\u00e1tor pr\u00e1vo na \u00fahradu v\u00fddajov spojen\u00fdch s medi\u00e1ciou, najm\u00e4 \u00fahradu po\u0161tovn\u00e9ho, telekomunika\u010dn\u00fdch n\u00e1kladov, cestovn\u00e9ho a in\u00fdch preuk\u00e1zate\u013en\u00fdch n\u00e1kladov.<\/span><\/li>\n<li><span style=\"color: #000000;\">Platba je na z\u00e1klade vystavenej predfakt\u00fary ( po kone\u010dnom vy\u00fa\u010dtovan\u00ed bude vystaven\u00e1 kone\u010dn\u00e1 fakt\u00fara &#8211; da\u0148ov\u00fd doklad )<\/span><\/li>\n<\/ul>\n<p><a href=\"http:\/\/mediator-ke.sk\/?page_id=724\" target=\"_blank\" rel=\"noopener\"><img loading=\"lazy\" decoding=\"async\" class=\"alignnone wp-image-729 size-full\" src=\"http:\/\/mediator-ke.sk\/wp-content\/uploads\/2018\/04\/mam_zaujem_tlacitko.png\" alt=\"\" width=\"239\" height=\"63\" \/><\/a><\/p>\n<p><a href=\"https:\/\/www.toplist.sk\"><script language=\"JavaScript\" type=\"text\/javascript\">\n<!--\ndocument.write('<img loading=\"lazy\" decoding=\"async\" src=\"https:\/\/toplist.sk\/dot.asp?id=1269078&http='+ escape(document.referrer)+'&t='+escape(document.title)+ '&wi='+escape(window.screen.width)+'&he='+escape(window.screen.height)+'&cd='+ escape(window.screen.colorDepth)+'\" width=\"1\" height=\"1\" border=0 alt=\"TOPlist\" \/>');\n\/\/--><\/script><noscript><img loading=\"lazy\" decoding=\"async\" src=\"https:\/\/toplist.sk\/dot.asp?id=1269078\" border=\"0\" alt=\"TOPlist\" width=\"1\" height=\"1\" \/><\/noscript><\/a><\/p>\n","protected":false},"excerpt":{"rendered":"<p>Prv\u00e9 stretnutie je bezplatn\u00e9 &#8211; pos\u00fadenie pr\u00edpadu. Kone\u010dn\u00e1 cena bude stanoven\u00e1 na z\u00e1klade dohody. Medi\u00e1cia v oblasti ur\u010denia rodi\u010dovsk\u00fdch pr\u00e1v je u n\u00e1s bezplatn\u00e1. Kone\u010dn\u00e1 cena je z\u00e1visl\u00e1 od predmetu medi\u00e1cie, sp\u00f4sobu medi\u00e1cie a pr\u00e1vnej subjektivity \u00fa\u010dastn\u00edkov. Nerie\u0161ime medi\u00e1ciu v spotrebite\u013esk\u00fdch sporoch. &nbsp; &nbsp; Nie sme platcami DPH ( cena je kone\u010dn\u00e1, ne\u00fa\u010dtuje sa k [&hellip;]<\/p>\n","protected":false},"author":1,"featured_media":0,"parent":0,"menu_order":0,"comment_status":"closed","ping_status":"closed","template":"","meta":{"_monsterinsights_skip_tracking":false,"_monsterinsights_sitenote_active":false,"_monsterinsights_sitenote_note":"","_monsterinsights_sitenote_category":0,"footnotes":""},"class_list":["post-311","page","type-page","status-publish","hentry"],"yoast_head":"<!-- This site is optimized with the Yoast SEO plugin v26.6 - https:\/\/yoast.com\/wordpress\/plugins\/seo\/ -->\n<title>Cenn\u00edk - Medi\u00e1tor Ko\u0161ice - Ing. Marek Nov\u00e1k<\/title>\n<meta name=\"robots\" content=\"index, follow, max-snippet:-1, max-image-preview:large, max-video-preview:-1\" \/>\n<link rel=\"canonical\" href=\"https:\/\/mediator-ke.sk\/?page_id=311\" \/>\n<meta property=\"og:locale\" content=\"sk_SK\" \/>\n<meta property=\"og:type\" content=\"article\" \/>\n<meta property=\"og:title\" content=\"Cenn\u00edk - Medi\u00e1tor Ko\u0161ice - Ing. Marek Nov\u00e1k\" \/>\n<meta property=\"og:description\" content=\"Prv\u00e9 stretnutie je bezplatn\u00e9 &#8211; pos\u00fadenie pr\u00edpadu. Kone\u010dn\u00e1 cena bude stanoven\u00e1 na z\u00e1klade dohody. Medi\u00e1cia v oblasti ur\u010denia rodi\u010dovsk\u00fdch pr\u00e1v je u n\u00e1s bezplatn\u00e1. Kone\u010dn\u00e1 cena je z\u00e1visl\u00e1 od predmetu medi\u00e1cie, sp\u00f4sobu medi\u00e1cie a pr\u00e1vnej subjektivity \u00fa\u010dastn\u00edkov. Nerie\u0161ime medi\u00e1ciu v spotrebite\u013esk\u00fdch sporoch. &nbsp; &nbsp; Nie sme platcami DPH ( cena je kone\u010dn\u00e1, ne\u00fa\u010dtuje sa k [&hellip;]\" \/>\n<meta property=\"og:url\" content=\"https:\/\/mediator-ke.sk\/?page_id=311\" \/>\n<meta property=\"og:site_name\" content=\"Medi\u00e1tor Ko\u0161ice - Ing. Marek Nov\u00e1k\" \/>\n<meta property=\"article:modified_time\" content=\"2021-02-07T17:29:21+00:00\" \/>\n<meta property=\"og:image\" content=\"https:\/\/mediator-ke.sk\/wp-content\/uploads\/2018\/04\/mam_zaujem_tlacitko.png\" \/>\n\t<meta property=\"og:image:width\" content=\"239\" \/>\n\t<meta property=\"og:image:height\" content=\"63\" \/>\n\t<meta property=\"og:image:type\" content=\"image\/png\" \/>\n<meta name=\"twitter:card\" content=\"summary_large_image\" \/>\n<meta name=\"twitter:label1\" content=\"Predpokladan\u00fd \u010das \u010d\u00edtania\" \/>\n\t<meta name=\"twitter:data1\" content=\"1 min\u00fata\" \/>\n<script type=\"application\/ld+json\" class=\"yoast-schema-graph\">{\"@context\":\"https:\/\/schema.org\",\"@graph\":[{\"@type\":\"WebPage\",\"@id\":\"https:\/\/mediator-ke.sk\/?page_id=311\",\"url\":\"https:\/\/mediator-ke.sk\/?page_id=311\",\"name\":\"Cenn\u00edk - Medi\u00e1tor Ko\u0161ice - Ing. Marek Nov\u00e1k\",\"isPartOf\":{\"@id\":\"https:\/\/mediator-ke.sk\/#website\"},\"primaryImageOfPage\":{\"@id\":\"https:\/\/mediator-ke.sk\/?page_id=311#primaryimage\"},\"image\":{\"@id\":\"https:\/\/mediator-ke.sk\/?page_id=311#primaryimage\"},\"thumbnailUrl\":\"http:\/\/mediator-ke.sk\/wp-content\/uploads\/2018\/04\/mam_zaujem_tlacitko.png\",\"datePublished\":\"2016-03-07T11:00:18+00:00\",\"dateModified\":\"2021-02-07T17:29:21+00:00\",\"breadcrumb\":{\"@id\":\"https:\/\/mediator-ke.sk\/?page_id=311#breadcrumb\"},\"inLanguage\":\"sk-SK\",\"potentialAction\":[{\"@type\":\"ReadAction\",\"target\":[\"https:\/\/mediator-ke.sk\/?page_id=311\"]}]},{\"@type\":\"ImageObject\",\"inLanguage\":\"sk-SK\",\"@id\":\"https:\/\/mediator-ke.sk\/?page_id=311#primaryimage\",\"url\":\"http:\/\/mediator-ke.sk\/wp-content\/uploads\/2018\/04\/mam_zaujem_tlacitko.png\",\"contentUrl\":\"http:\/\/mediator-ke.sk\/wp-content\/uploads\/2018\/04\/mam_zaujem_tlacitko.png\"},{\"@type\":\"BreadcrumbList\",\"@id\":\"https:\/\/mediator-ke.sk\/?page_id=311#breadcrumb\",\"itemListElement\":[{\"@type\":\"ListItem\",\"position\":1,\"name\":\"Home\",\"item\":\"https:\/\/mediator-ke.sk\/\"},{\"@type\":\"ListItem\",\"position\":2,\"name\":\"Cenn\u00edk\"}]},{\"@type\":\"WebSite\",\"@id\":\"https:\/\/mediator-ke.sk\/#website\",\"url\":\"https:\/\/mediator-ke.sk\/\",\"name\":\"Medi\u00e1tor Ko\u0161ice - Ing. Marek Nov\u00e1k\",\"description\":\"Medi\u00e1tor - Ing. Marek Nov\u00e1k\",\"potentialAction\":[{\"@type\":\"SearchAction\",\"target\":{\"@type\":\"EntryPoint\",\"urlTemplate\":\"https:\/\/mediator-ke.sk\/?s={search_term_string}\"},\"query-input\":{\"@type\":\"PropertyValueSpecification\",\"valueRequired\":true,\"valueName\":\"search_term_string\"}}],\"inLanguage\":\"sk-SK\"}]}<\/script>\n<!-- \/ Yoast SEO plugin. -->","yoast_head_json":{"title":"Cenn\u00edk - Medi\u00e1tor Ko\u0161ice - Ing. Marek Nov\u00e1k","robots":{"index":"index","follow":"follow","max-snippet":"max-snippet:-1","max-image-preview":"max-image-preview:large","max-video-preview":"max-video-preview:-1"},"canonical":"https:\/\/mediator-ke.sk\/?page_id=311","og_locale":"sk_SK","og_type":"article","og_title":"Cenn\u00edk - Medi\u00e1tor Ko\u0161ice - Ing. Marek Nov\u00e1k","og_description":"Prv\u00e9 stretnutie je bezplatn\u00e9 &#8211; pos\u00fadenie pr\u00edpadu. Kone\u010dn\u00e1 cena bude stanoven\u00e1 na z\u00e1klade dohody. Medi\u00e1cia v oblasti ur\u010denia rodi\u010dovsk\u00fdch pr\u00e1v je u n\u00e1s bezplatn\u00e1. Kone\u010dn\u00e1 cena je z\u00e1visl\u00e1 od predmetu medi\u00e1cie, sp\u00f4sobu medi\u00e1cie a pr\u00e1vnej subjektivity \u00fa\u010dastn\u00edkov. Nerie\u0161ime medi\u00e1ciu v spotrebite\u013esk\u00fdch sporoch. &nbsp; &nbsp; Nie sme platcami DPH ( cena je kone\u010dn\u00e1, ne\u00fa\u010dtuje sa k [&hellip;]","og_url":"https:\/\/mediator-ke.sk\/?page_id=311","og_site_name":"Medi\u00e1tor Ko\u0161ice - Ing. Marek Nov\u00e1k","article_modified_time":"2021-02-07T17:29:21+00:00","og_image":[{"width":239,"height":63,"url":"https:\/\/mediator-ke.sk\/wp-content\/uploads\/2018\/04\/mam_zaujem_tlacitko.png","type":"image\/png"}],"twitter_card":"summary_large_image","twitter_misc":{"Predpokladan\u00fd \u010das \u010d\u00edtania":"1 min\u00fata"},"schema":{"@context":"https:\/\/schema.org","@graph":[{"@type":"WebPage","@id":"https:\/\/mediator-ke.sk\/?page_id=311","url":"https:\/\/mediator-ke.sk\/?page_id=311","name":"Cenn\u00edk - Medi\u00e1tor Ko\u0161ice - Ing. Marek Nov\u00e1k","isPartOf":{"@id":"https:\/\/mediator-ke.sk\/#website"},"primaryImageOfPage":{"@id":"https:\/\/mediator-ke.sk\/?page_id=311#primaryimage"},"image":{"@id":"https:\/\/mediator-ke.sk\/?page_id=311#primaryimage"},"thumbnailUrl":"http:\/\/mediator-ke.sk\/wp-content\/uploads\/2018\/04\/mam_zaujem_tlacitko.png","datePublished":"2016-03-07T11:00:18+00:00","dateModified":"2021-02-07T17:29:21+00:00","breadcrumb":{"@id":"https:\/\/mediator-ke.sk\/?page_id=311#breadcrumb"},"inLanguage":"sk-SK","potentialAction":[{"@type":"ReadAction","target":["https:\/\/mediator-ke.sk\/?page_id=311"]}]},{"@type":"ImageObject","inLanguage":"sk-SK","@id":"https:\/\/mediator-ke.sk\/?page_id=311#primaryimage","url":"http:\/\/mediator-ke.sk\/wp-content\/uploads\/2018\/04\/mam_zaujem_tlacitko.png","contentUrl":"http:\/\/mediator-ke.sk\/wp-content\/uploads\/2018\/04\/mam_zaujem_tlacitko.png"},{"@type":"BreadcrumbList","@id":"https:\/\/mediator-ke.sk\/?page_id=311#breadcrumb","itemListElement":[{"@type":"ListItem","position":1,"name":"Home","item":"https:\/\/mediator-ke.sk\/"},{"@type":"ListItem","position":2,"name":"Cenn\u00edk"}]},{"@type":"WebSite","@id":"https:\/\/mediator-ke.sk\/#website","url":"https:\/\/mediator-ke.sk\/","name":"Medi\u00e1tor Ko\u0161ice - Ing. Marek Nov\u00e1k","description":"Medi\u00e1tor - Ing. Marek Nov\u00e1k","potentialAction":[{"@type":"SearchAction","target":{"@type":"EntryPoint","urlTemplate":"https:\/\/mediator-ke.sk\/?s={search_term_string}"},"query-input":{"@type":"PropertyValueSpecification","valueRequired":true,"valueName":"search_term_string"}}],"inLanguage":"sk-SK"}]}},"_links":{"self":[{"href":"https:\/\/mediator-ke.sk\/index.php?rest_route=\/wp\/v2\/pages\/311","targetHints":{"allow":["GET"]}}],"collection":[{"href":"https:\/\/mediator-ke.sk\/index.php?rest_route=\/wp\/v2\/pages"}],"about":[{"href":"https:\/\/mediator-ke.sk\/index.php?rest_route=\/wp\/v2\/types\/page"}],"author":[{"embeddable":true,"href":"https:\/\/mediator-ke.sk\/index.php?rest_route=\/wp\/v2\/users\/1"}],"replies":[{"embeddable":true,"href":"https:\/\/mediator-ke.sk\/index.php?rest_route=%2Fwp%2Fv2%2Fcomments&post=311"}],"version-history":[{"count":6,"href":"https:\/\/mediator-ke.sk\/index.php?rest_route=\/wp\/v2\/pages\/311\/revisions"}],"predecessor-version":[{"id":813,"href":"https:\/\/mediator-ke.sk\/index.php?rest_route=\/wp\/v2\/pages\/311\/revisions\/813"}],"wp:attachment":[{"href":"https:\/\/mediator-ke.sk\/index.php?rest_route=%2Fwp%2Fv2%2Fmedia&parent=311"}],"curies":[{"name":"wp","href":"https:\/\/api.w.org\/{rel}","templated":true}]}}